{"id":731,"date":"2024-02-09T11:19:06","date_gmt":"2024-02-09T10:19:06","guid":{"rendered":"https:\/\/fenixmoca.com\/?page_id=731"},"modified":"2024-02-09T11:38:15","modified_gmt":"2024-02-09T10:38:15","slug":"politica-de-privacidad","status":"publish","type":"page","link":"https:\/\/fenixmoca.com\/en\/politica-de-privacidad\/","title":{"rendered":"Privacy Policy"},"content":{"rendered":"<div data-elementor-type=\"wp-page\" data-elementor-id=\"731\" class=\"elementor elementor-731\" data-elementor-post-type=\"page\">\n\t\t\t\t<div class=\"elementor-element elementor-element-17d6191 e-con-full e-flex e-con e-parent\" data-id=\"17d6191\" data-element_type=\"container\" data-e-type=\"container\" data-settings=\"{&quot;background_background&quot;:&quot;gradient&quot;}\">\n\t\t<div class=\"elementor-element elementor-element-b837e10 e-flex e-con-boxed e-con e-child\" data-id=\"b837e10\" data-element_type=\"container\" data-e-type=\"container\">\n\t\t\t\t\t<div class=\"e-con-inner\">\n\t\t\t\t<div class=\"elementor-element elementor-element-3e10a15 text-gradient elementor-widget elementor-widget-heading\" data-id=\"3e10a15\" data-element_type=\"widget\" data-e-type=\"widget\" data-widget_type=\"heading.default\">\n\t\t\t\t<div class=\"elementor-widget-container\">\n\t\t\t\t\t<h2 class=\"elementor-heading-title elementor-size-default\">Privacy Policy<\/h2>\t\t\t\t<\/div>\n\t\t\t\t<\/div>\n\t\t\t\t<div class=\"elementor-element elementor-element-3fc8964 text-gradient-alt-green elementor-widget elementor-widget-heading\" data-id=\"3fc8964\" data-element_type=\"widget\" data-e-type=\"widget\" data-widget_type=\"heading.default\">\n\t\t\t\t<div class=\"elementor-widget-container\">\n\t\t\t\t\t<h2 class=\"elementor-heading-title elementor-size-default\">Introduction<\/h2>\t\t\t\t<\/div>\n\t\t\t\t<\/div>\n\t\t\t\t<div class=\"elementor-element elementor-element-f74276a elementor-widget elementor-widget-text-editor\" data-id=\"f74276a\" data-element_type=\"widget\" data-e-type=\"widget\" data-widget_type=\"text-editor.default\">\n\t\t\t\t<div class=\"elementor-widget-container\">\n\t\t\t\t\t\t\t\t\t<p><\/p><p><\/p><p>At Fenixmoca, we respect your privacy and are committed to protecting the personal data you provide. This policy explains what data we collect, why we collect it, and how we use and protect it.<\/p><p><\/p>\t\t\t\t\t\t\t\t<\/div>\n\t\t\t\t<\/div>\n\t\t\t\t<div class=\"elementor-element elementor-element-538d556 text-gradient-alt-green elementor-widget elementor-widget-heading\" data-id=\"538d556\" data-element_type=\"widget\" data-e-type=\"widget\" data-widget_type=\"heading.default\">\n\t\t\t\t<div class=\"elementor-widget-container\">\n\t\t\t\t\t<h2 class=\"elementor-heading-title elementor-size-default\">Data we collect<\/h2>\t\t\t\t<\/div>\n\t\t\t\t<\/div>\n\t\t\t\t<div class=\"elementor-element elementor-element-90351d9 elementor-widget elementor-widget-text-editor\" data-id=\"90351d9\" data-element_type=\"widget\" data-e-type=\"widget\" data-widget_type=\"text-editor.default\">\n\t\t\t\t<div class=\"elementor-widget-container\">\n\t\t\t\t\t\t\t\t\t<p>We may collect information such as:<\/p><ul><li><strong>Identification data<\/strong>: first name, last name.<\/li><li><strong>Contact information<\/strong>: email address, phone number.<\/li><li><strong>Browsing data<\/strong>: how you use our website, including cookies.<\/li><\/ul><p>We collect this information directly from you when you use our services or visit our website.<\/p>\t\t\t\t\t\t\t\t<\/div>\n\t\t\t\t<\/div>\n\t\t\t\t<div class=\"elementor-element elementor-element-5dac88f text-gradient-alt-green elementor-widget elementor-widget-heading\" data-id=\"5dac88f\" data-element_type=\"widget\" data-e-type=\"widget\" data-widget_type=\"heading.default\">\n\t\t\t\t<div class=\"elementor-widget-container\">\n\t\t\t\t\t<h2 class=\"elementor-heading-title elementor-size-default\">Purpose of processing<\/h2>\t\t\t\t<\/div>\n\t\t\t\t<\/div>\n\t\t\t\t<div class=\"elementor-element elementor-element-dfd4994 elementor-widget elementor-widget-text-editor\" data-id=\"dfd4994\" data-element_type=\"widget\" data-e-type=\"widget\" data-widget_type=\"text-editor.default\">\n\t\t\t\t<div class=\"elementor-widget-container\">\n\t\t\t\t\t\t\t\t\t<p>We use your data to:<\/p><ul><li>Provide our services to you.<\/li><li>Improve and personalize your experience on our website.<\/li><li>Send marketing communications, if you have given your consent.<\/li><\/ul>\t\t\t\t\t\t\t\t<\/div>\n\t\t\t\t<\/div>\n\t\t\t\t<div class=\"elementor-element elementor-element-4ed9a30 text-gradient-alt-green elementor-widget elementor-widget-heading\" data-id=\"4ed9a30\" data-element_type=\"widget\" data-e-type=\"widget\" data-widget_type=\"heading.default\">\n\t\t\t\t<div class=\"elementor-widget-container\">\n\t\t\t\t\t<h2 class=\"elementor-heading-title elementor-size-default\">Legal basis for processing<\/h2>\t\t\t\t<\/div>\n\t\t\t\t<\/div>\n\t\t\t\t<div class=\"elementor-element elementor-element-32497a7 elementor-widget elementor-widget-text-editor\" data-id=\"32497a7\" data-element_type=\"widget\" data-e-type=\"widget\" data-widget_type=\"text-editor.default\">\n\t\t\t\t<div class=\"elementor-widget-container\">\n\t\t\t\t\t\t\t\t\t<p><\/p><p><\/p><p><\/p><p>The processing of your data is based on your consent, the need to perform a contract with you, comply with our legal obligations, or our legitimate interests, such as improving our services.<\/p><p><\/p>\t\t\t\t\t\t\t\t<\/div>\n\t\t\t\t<\/div>\n\t\t\t\t<div class=\"elementor-element elementor-element-df2adb1 text-gradient-alt-green elementor-widget elementor-widget-heading\" data-id=\"df2adb1\" data-element_type=\"widget\" data-e-type=\"widget\" data-widget_type=\"heading.default\">\n\t\t\t\t<div class=\"elementor-widget-container\">\n\t\t\t\t\t<h2 class=\"elementor-heading-title elementor-size-default\">Data retention<\/h2>\t\t\t\t<\/div>\n\t\t\t\t<\/div>\n\t\t\t\t<div class=\"elementor-element elementor-element-58facea elementor-widget elementor-widget-text-editor\" data-id=\"58facea\" data-element_type=\"widget\" data-e-type=\"widget\" data-widget_type=\"text-editor.default\">\n\t\t\t\t<div class=\"elementor-widget-container\">\n\t\t\t\t\t\t\t\t\t<p><\/p><p><\/p><p><\/p><p>We will keep your personal data only for as long as necessary for the purposes set out in this policy.<\/p><p><\/p>\t\t\t\t\t\t\t\t<\/div>\n\t\t\t\t<\/div>\n\t\t\t\t<div class=\"elementor-element elementor-element-de10592 text-gradient-alt-green elementor-widget elementor-widget-heading\" data-id=\"de10592\" data-element_type=\"widget\" data-e-type=\"widget\" data-widget_type=\"heading.default\">\n\t\t\t\t<div class=\"elementor-widget-container\">\n\t\t\t\t\t<h2 class=\"elementor-heading-title elementor-size-default\">Users' rights<\/h2>\t\t\t\t<\/div>\n\t\t\t\t<\/div>\n\t\t\t\t<div class=\"elementor-element elementor-element-dbe9033 elementor-widget elementor-widget-text-editor\" data-id=\"dbe9033\" data-element_type=\"widget\" data-e-type=\"widget\" data-widget_type=\"text-editor.default\">\n\t\t\t\t<div class=\"elementor-widget-container\">\n\t\t\t\t\t\t\t\t\t<p><\/p><p><\/p><p><\/p><p>You have the right to access, rectify or erase your data, as well as other rights detailed in the applicable legislation. To exercise these rights, contact us at the address we will provide at the end of this policy.<\/p><p><\/p>\t\t\t\t\t\t\t\t<\/div>\n\t\t\t\t<\/div>\n\t\t\t\t<div class=\"elementor-element elementor-element-482bc19 text-gradient-alt-green elementor-widget elementor-widget-heading\" data-id=\"482bc19\" data-element_type=\"widget\" data-e-type=\"widget\" data-widget_type=\"heading.default\">\n\t\t\t\t<div class=\"elementor-widget-container\">\n\t\t\t\t\t<h2 class=\"elementor-heading-title elementor-size-default\">International transfers<\/h2>\t\t\t\t<\/div>\n\t\t\t\t<\/div>\n\t\t\t\t<div class=\"elementor-element elementor-element-d65ad9e elementor-widget elementor-widget-text-editor\" data-id=\"d65ad9e\" data-element_type=\"widget\" data-e-type=\"widget\" data-widget_type=\"text-editor.default\">\n\t\t\t\t<div class=\"elementor-widget-container\">\n\t\t\t\t\t\t\t\t\t<p><\/p><p><\/p><p><\/p><p>Your data may be transferred to and processed in countries outside the EEA. In such cases, we ensure that appropriate protection measures are applied.<\/p><p><\/p>\t\t\t\t\t\t\t\t<\/div>\n\t\t\t\t<\/div>\n\t\t\t\t<div class=\"elementor-element elementor-element-a5adfb5 text-gradient-alt-green elementor-widget elementor-widget-heading\" data-id=\"a5adfb5\" data-element_type=\"widget\" data-e-type=\"widget\" data-widget_type=\"heading.default\">\n\t\t\t\t<div class=\"elementor-widget-container\">\n\t\t\t\t\t<h2 class=\"elementor-heading-title elementor-size-default\">Security measures<\/h2>\t\t\t\t<\/div>\n\t\t\t\t<\/div>\n\t\t\t\t<div class=\"elementor-element elementor-element-3bc9d75 elementor-widget elementor-widget-text-editor\" data-id=\"3bc9d75\" data-element_type=\"widget\" data-e-type=\"widget\" data-widget_type=\"text-editor.default\">\n\t\t\t\t<div class=\"elementor-widget-container\">\n\t\t\t\t\t\t\t\t\t<p><\/p><p><\/p><p><\/p><p>We implement technical and organizational security measures to protect your data against unauthorized access, alteration and loss.<\/p><p><\/p>\t\t\t\t\t\t\t\t<\/div>\n\t\t\t\t<\/div>\n\t\t\t\t<div class=\"elementor-element elementor-element-79a656a text-gradient-alt-green elementor-widget elementor-widget-heading\" data-id=\"79a656a\" data-element_type=\"widget\" data-e-type=\"widget\" data-widget_type=\"heading.default\">\n\t\t\t\t<div class=\"elementor-widget-container\">\n\t\t\t\t\t<h2 class=\"elementor-heading-title elementor-size-default\">Use of cookies<\/h2>\t\t\t\t<\/div>\n\t\t\t\t<\/div>\n\t\t\t\t<div class=\"elementor-element elementor-element-167047d elementor-widget elementor-widget-text-editor\" data-id=\"167047d\" data-element_type=\"widget\" data-e-type=\"widget\" data-widget_type=\"text-editor.default\">\n\t\t\t\t<div class=\"elementor-widget-container\">\n\t\t\t\t\t\t\t\t\t<p><\/p><p><\/p><p><\/p><p>Our website uses cookies to improve the user experience. You can manage your consent and cookie preferences in your browser settings.<\/p><p><\/p>\t\t\t\t\t\t\t\t<\/div>\n\t\t\t\t<\/div>\n\t\t\t\t<div class=\"elementor-element elementor-element-9ba4ce6 text-gradient-alt-green elementor-widget elementor-widget-heading\" data-id=\"9ba4ce6\" data-element_type=\"widget\" data-e-type=\"widget\" data-widget_type=\"heading.default\">\n\t\t\t\t<div class=\"elementor-widget-container\">\n\t\t\t\t\t<h2 class=\"elementor-heading-title elementor-size-default\">Links to third parties<\/h2>\t\t\t\t<\/div>\n\t\t\t\t<\/div>\n\t\t\t\t<div class=\"elementor-element elementor-element-1ca8d70 elementor-widget elementor-widget-text-editor\" data-id=\"1ca8d70\" data-element_type=\"widget\" data-e-type=\"widget\" data-widget_type=\"text-editor.default\">\n\t\t\t\t<div class=\"elementor-widget-container\">\n\t\t\t\t\t\t\t\t\t<p><\/p><p><\/p><p><\/p><p>Our website may contain links to external sites. We are not responsible for the privacy practices of these sites.<\/p><p><\/p>\t\t\t\t\t\t\t\t<\/div>\n\t\t\t\t<\/div>\n\t\t\t\t<div class=\"elementor-element elementor-element-0ced298 text-gradient-alt-green elementor-widget elementor-widget-heading\" data-id=\"0ced298\" data-element_type=\"widget\" data-e-type=\"widget\" data-widget_type=\"heading.default\">\n\t\t\t\t<div class=\"elementor-widget-container\">\n\t\t\t\t\t<h2 class=\"elementor-heading-title elementor-size-default\">Changes to the privacy policy<\/h2>\t\t\t\t<\/div>\n\t\t\t\t<\/div>\n\t\t\t\t<div class=\"elementor-element elementor-element-4ff7d5f elementor-widget elementor-widget-text-editor\" data-id=\"4ff7d5f\" data-element_type=\"widget\" data-e-type=\"widget\" data-widget_type=\"text-editor.default\">\n\t\t\t\t<div class=\"elementor-widget-container\">\n\t\t\t\t\t\t\t\t\t<p><\/p><p><\/p><p><\/p><p>We may update our privacy policy. As a user, you are responsible for staying informed of the policy applied at any given time.<\/p><p><\/p>\t\t\t\t\t\t\t\t<\/div>\n\t\t\t\t<\/div>\n\t\t\t\t<div class=\"elementor-element elementor-element-b076554 text-gradient-alt-green elementor-widget elementor-widget-heading\" data-id=\"b076554\" data-element_type=\"widget\" data-e-type=\"widget\" data-widget_type=\"heading.default\">\n\t\t\t\t<div class=\"elementor-widget-container\">\n\t\t\t\t\t<h2 class=\"elementor-heading-title elementor-size-default\">Contact details<\/h2>\t\t\t\t<\/div>\n\t\t\t\t<\/div>\n\t\t\t\t<div class=\"elementor-element elementor-element-44ce6ef elementor-widget elementor-widget-text-editor\" data-id=\"44ce6ef\" data-element_type=\"widget\" data-e-type=\"widget\" data-widget_type=\"text-editor.default\">\n\t\t\t\t<div class=\"elementor-widget-container\">\n\t\t\t\t\t\t\t\t\t<p><\/p><p><\/p><p><\/p><p>For any question or to exercise your rights, contact us at: <a href=\"mailto:info@fenixmoca.com\" target=\"_blank\" rel=\"noopener\">info@fenixmoca.com<\/a>.<\/p><p><\/p>\t\t\t\t\t\t\t\t<\/div>\n\t\t\t\t<\/div>\n\t\t\t\t\t<\/div>\n\t\t\t\t<\/div>\n\t\t\t\t<\/div>\n\t\t\t\t<\/div>","protected":false},"excerpt":{"rendered":"<p>Pol\u00edtica de Privacidad Introducci\u00f3n En Fenixmoca, respetamos tu privacidad y nos comprometemos a proteger los datos personales que nos proporcionas. Esta pol\u00edtica explica qu\u00e9 datos recopilamos, por qu\u00e9 los recopilamos, y c\u00f3mo los usamos y protegemos. Datos que recopilamos Podemos recopilar informaci\u00f3n como: Datos de identificaci\u00f3n: nombre, apellidos. Informaci\u00f3n de contacto: correo electr\u00f3nico, n\u00famero de [&hellip;]<\/p>\n","protected":false},"author":1,"featured_media":0,"parent":0,"menu_order":0,"comment_status":"closed","ping_status":"closed","template":"elementor_header_footer","meta":{"site-sidebar-layout":"no-sidebar","site-content-layout":"","ast-site-content-layout":"full-width-container","site-content-style":"default","site-sidebar-style":"default","ast-global-header-display":"","ast-banner-title-visibility":"","ast-main-header-display":"","ast-hfb-above-header-display":"","ast-hfb-below-header-display":"","ast-hfb-mobile-header-display":"","site-post-title":"disabled","ast-breadcrumbs-content":"","ast-featured-img":"disabled","footer-sml-layout":"","ast-disable-related-posts":"","theme-transparent-header-meta":"","adv-header-id-meta":"","stick-header-meta":"","header-above-stick-meta":"","header-main-stick-meta":"","header-below-stick-meta":"","astra-migrate-meta-layouts":"default","ast-page-background-enabled":"default","ast-page-background-meta":{"desktop":{"background-color":"var(--ast-global-color-4)","background-image":"","background-repeat":"repeat","background-position":"center center","background-size":"auto","background-attachment":"scroll","background-type":"","background-media":"","overlay-type":"","overlay-color":"","overlay-opacity":"","overlay-gradient":""},"tablet":{"background-color":"","background-image":"","background-repeat":"repeat","background-position":"center center","background-size":"auto","background-attachment":"scroll","background-type":"","background-media":"","overlay-type":"","overlay-color":"","overlay-opacity":"","overlay-gradient":""},"mobile":{"background-color":"","background-image":"","background-repeat":"repeat","background-position":"center center","background-size":"auto","background-attachment":"scroll","background-type":"","background-media":"","overlay-type":"","overlay-color":"","overlay-opacity":"","overlay-gradient":""}},"ast-content-background-meta":{"desktop":{"background-color":"var(--ast-global-color-5)","background-image":"","background-repeat":"repeat","background-position":"center center","background-size":"auto","background-attachment":"scroll","background-type":"","background-media":"","overlay-type":"","overlay-color":"","overlay-opacity":"","overlay-gradient":""},"tablet":{"background-color":"var(--ast-global-color-5)","background-image":"","background-repeat":"repeat","background-position":"center center","background-size":"auto","background-attachment":"scroll","background-type":"","background-media":"","overlay-type":"","overlay-color":"","overlay-opacity":"","overlay-gradient":""},"mobile":{"background-color":"var(--ast-global-color-5)","background-image":"","background-repeat":"repeat","background-position":"center center","background-size":"auto","background-attachment":"scroll","background-type":"","background-media":"","overlay-type":"","overlay-color":"","overlay-opacity":"","overlay-gradient":""}},"footnotes":""},"class_list":["post-731","page","type-page","status-publish","hentry"],"yoast_head":"<!-- This site is optimized with the Yoast SEO plugin v27.6 - https:\/\/yoast.com\/product\/yoast-seo-wordpress\/ -->\n<title>Pol\u00edtica de Privacidad - Fenixmoca<\/title>\n<meta name=\"robots\" content=\"index, follow, max-snippet:-1, max-image-preview:large, max-video-preview:-1\" \/>\n<link rel=\"canonical\" href=\"https:\/\/fenixmoca.com\/en\/politica-de-privacidad\/\" \/>\n<meta property=\"og:locale\" content=\"en_US\" \/>\n<meta property=\"og:type\" content=\"article\" \/>\n<meta property=\"og:title\" content=\"Pol\u00edtica de Privacidad - Fenixmoca\" \/>\n<meta property=\"og:description\" content=\"Pol\u00edtica de Privacidad Introducci\u00f3n En Fenixmoca, respetamos tu privacidad y nos comprometemos a proteger los datos personales que nos proporcionas. Esta pol\u00edtica explica qu\u00e9 datos recopilamos, por qu\u00e9 los recopilamos, y c\u00f3mo los usamos y protegemos. Datos que recopilamos Podemos recopilar informaci\u00f3n como: Datos de identificaci\u00f3n: nombre, apellidos. Informaci\u00f3n de contacto: correo electr\u00f3nico, n\u00famero de [&hellip;]\" \/>\n<meta property=\"og:url\" content=\"https:\/\/fenixmoca.com\/en\/politica-de-privacidad\/\" \/>\n<meta property=\"og:site_name\" content=\"Fenixmoca\" \/>\n<meta property=\"article:modified_time\" content=\"2024-02-09T10:38:15+00:00\" \/>\n<meta name=\"twitter:card\" content=\"summary_large_image\" \/>\n<meta name=\"twitter:label1\" content=\"Est. reading time\" \/>\n\t<meta name=\"twitter:data1\" content=\"2 minutes\" \/>\n<script type=\"application\/ld+json\" class=\"yoast-schema-graph\">{\"@context\":\"https:\\\/\\\/schema.org\",\"@graph\":[{\"@type\":\"WebPage\",\"@id\":\"https:\\\/\\\/fenixmoca.com\\\/politica-de-privacidad\\\/\",\"url\":\"https:\\\/\\\/fenixmoca.com\\\/politica-de-privacidad\\\/\",\"name\":\"Pol\u00edtica de Privacidad - Fenixmoca\",\"isPartOf\":{\"@id\":\"https:\\\/\\\/fenixmoca.com\\\/#website\"},\"datePublished\":\"2024-02-09T10:19:06+00:00\",\"dateModified\":\"2024-02-09T10:38:15+00:00\",\"breadcrumb\":{\"@id\":\"https:\\\/\\\/fenixmoca.com\\\/politica-de-privacidad\\\/#breadcrumb\"},\"inLanguage\":\"en-US\",\"potentialAction\":[{\"@type\":\"ReadAction\",\"target\":[\"https:\\\/\\\/fenixmoca.com\\\/politica-de-privacidad\\\/\"]}]},{\"@type\":\"BreadcrumbList\",\"@id\":\"https:\\\/\\\/fenixmoca.com\\\/politica-de-privacidad\\\/#breadcrumb\",\"itemListElement\":[{\"@type\":\"ListItem\",\"position\":1,\"name\":\"Portada\",\"item\":\"https:\\\/\\\/fenixmoca.com\\\/\"},{\"@type\":\"ListItem\",\"position\":2,\"name\":\"Pol\u00edtica de Privacidad\"}]},{\"@type\":\"WebSite\",\"@id\":\"https:\\\/\\\/fenixmoca.com\\\/#website\",\"url\":\"https:\\\/\\\/fenixmoca.com\\\/\",\"name\":\"Fenixmoca\",\"description\":\"Consultor\u00eda Web 3\",\"publisher\":{\"@id\":\"https:\\\/\\\/fenixmoca.com\\\/#organization\"},\"potentialAction\":[{\"@type\":\"SearchAction\",\"target\":{\"@type\":\"EntryPoint\",\"urlTemplate\":\"https:\\\/\\\/fenixmoca.com\\\/?s={search_term_string}\"},\"query-input\":{\"@type\":\"PropertyValueSpecification\",\"valueRequired\":true,\"valueName\":\"search_term_string\"}}],\"inLanguage\":\"en-US\"},{\"@type\":\"Organization\",\"@id\":\"https:\\\/\\\/fenixmoca.com\\\/#organization\",\"name\":\"Fenixmoca\",\"url\":\"https:\\\/\\\/fenixmoca.com\\\/\",\"logo\":{\"@type\":\"ImageObject\",\"inLanguage\":\"en-US\",\"@id\":\"https:\\\/\\\/fenixmoca.com\\\/#\\\/schema\\\/logo\\\/image\\\/\",\"url\":\"https:\\\/\\\/fenixmoca.com\\\/wp-content\\\/uploads\\\/logo.png\",\"contentUrl\":\"https:\\\/\\\/fenixmoca.com\\\/wp-content\\\/uploads\\\/logo.png\",\"width\":512,\"height\":512,\"caption\":\"Fenixmoca\"},\"image\":{\"@id\":\"https:\\\/\\\/fenixmoca.com\\\/#\\\/schema\\\/logo\\\/image\\\/\"},\"sameAs\":[\"https:\\\/\\\/www.linkedin.com\\\/company\\\/fenixmoca-s-l\"]}]}<\/script>\n<!-- \/ Yoast SEO plugin. -->","yoast_head_json":{"title":"Pol\u00edtica de Privacidad - Fenixmoca","robots":{"index":"index","follow":"follow","max-snippet":"max-snippet:-1","max-image-preview":"max-image-preview:large","max-video-preview":"max-video-preview:-1"},"canonical":"https:\/\/fenixmoca.com\/en\/politica-de-privacidad\/","og_locale":"en_US","og_type":"article","og_title":"Pol\u00edtica de Privacidad - Fenixmoca","og_description":"Pol\u00edtica de Privacidad Introducci\u00f3n En Fenixmoca, respetamos tu privacidad y nos comprometemos a proteger los datos personales que nos proporcionas. Esta pol\u00edtica explica qu\u00e9 datos recopilamos, por qu\u00e9 los recopilamos, y c\u00f3mo los usamos y protegemos. Datos que recopilamos Podemos recopilar informaci\u00f3n como: Datos de identificaci\u00f3n: nombre, apellidos. Informaci\u00f3n de contacto: correo electr\u00f3nico, n\u00famero de [&hellip;]","og_url":"https:\/\/fenixmoca.com\/en\/politica-de-privacidad\/","og_site_name":"Fenixmoca","article_modified_time":"2024-02-09T10:38:15+00:00","twitter_card":"summary_large_image","twitter_misc":{"Est. reading time":"2 minutes"},"schema":{"@context":"https:\/\/schema.org","@graph":[{"@type":"WebPage","@id":"https:\/\/fenixmoca.com\/politica-de-privacidad\/","url":"https:\/\/fenixmoca.com\/politica-de-privacidad\/","name":"Pol\u00edtica de Privacidad - Fenixmoca","isPartOf":{"@id":"https:\/\/fenixmoca.com\/#website"},"datePublished":"2024-02-09T10:19:06+00:00","dateModified":"2024-02-09T10:38:15+00:00","breadcrumb":{"@id":"https:\/\/fenixmoca.com\/politica-de-privacidad\/#breadcrumb"},"inLanguage":"en-US","potentialAction":[{"@type":"ReadAction","target":["https:\/\/fenixmoca.com\/politica-de-privacidad\/"]}]},{"@type":"BreadcrumbList","@id":"https:\/\/fenixmoca.com\/politica-de-privacidad\/#breadcrumb","itemListElement":[{"@type":"ListItem","position":1,"name":"Portada","item":"https:\/\/fenixmoca.com\/"},{"@type":"ListItem","position":2,"name":"Pol\u00edtica de Privacidad"}]},{"@type":"WebSite","@id":"https:\/\/fenixmoca.com\/#website","url":"https:\/\/fenixmoca.com\/","name":"Fenixmoca","description":"Consultor\u00eda Web 3","publisher":{"@id":"https:\/\/fenixmoca.com\/#organization"},"potentialAction":[{"@type":"SearchAction","target":{"@type":"EntryPoint","urlTemplate":"https:\/\/fenixmoca.com\/?s={search_term_string}"},"query-input":{"@type":"PropertyValueSpecification","valueRequired":true,"valueName":"search_term_string"}}],"inLanguage":"en-US"},{"@type":"Organization","@id":"https:\/\/fenixmoca.com\/#organization","name":"Fenixmoca","url":"https:\/\/fenixmoca.com\/","logo":{"@type":"ImageObject","inLanguage":"en-US","@id":"https:\/\/fenixmoca.com\/#\/schema\/logo\/image\/","url":"https:\/\/fenixmoca.com\/wp-content\/uploads\/logo.png","contentUrl":"https:\/\/fenixmoca.com\/wp-content\/uploads\/logo.png","width":512,"height":512,"caption":"Fenixmoca"},"image":{"@id":"https:\/\/fenixmoca.com\/#\/schema\/logo\/image\/"},"sameAs":["https:\/\/www.linkedin.com\/company\/fenixmoca-s-l"]}]}},"_links":{"self":[{"href":"https:\/\/fenixmoca.com\/en\/wp-json\/wp\/v2\/pages\/731","targetHints":{"allow":["GET"]}}],"collection":[{"href":"https:\/\/fenixmoca.com\/en\/wp-json\/wp\/v2\/pages"}],"about":[{"href":"https:\/\/fenixmoca.com\/en\/wp-json\/wp\/v2\/types\/page"}],"author":[{"embeddable":true,"href":"https:\/\/fenixmoca.com\/en\/wp-json\/wp\/v2\/users\/1"}],"replies":[{"embeddable":true,"href":"https:\/\/fenixmoca.com\/en\/wp-json\/wp\/v2\/comments?post=731"}],"version-history":[{"count":14,"href":"https:\/\/fenixmoca.com\/en\/wp-json\/wp\/v2\/pages\/731\/revisions"}],"predecessor-version":[{"id":752,"href":"https:\/\/fenixmoca.com\/en\/wp-json\/wp\/v2\/pages\/731\/revisions\/752"}],"wp:attachment":[{"href":"https:\/\/fenixmoca.com\/en\/wp-json\/wp\/v2\/media?parent=731"}],"curies":[{"name":"wp","href":"https:\/\/api.w.org\/{rel}","templated":true}]}}